{"id":17287,"date":"2025-07-29T12:41:52","date_gmt":"2025-07-29T12:41:52","guid":{"rendered":"https:\/\/starfil.com.br\/?page_id=17287"},"modified":"2025-08-06T14:11:25","modified_gmt":"2025-08-06T14:11:25","slug":"catalogo","status":"publish","type":"page","link":"https:\/\/www.starfil.com.br\/?page_id=17287","title":{"rendered":"Cat\u00e1logo"},"content":{"rendered":"\n<h2 class=\"wp-block-heading\">Cat\u00e1logo<\/h2>\n\n\n    <div class=\"product-subcategories responsive default  per-row-2\">\n\t\t\n\n    <div class=\"al_archive category-31 modern-grid-element green-box ic-design \">\n        <a class=\"pseudo-a\" href=\"https:\/\/www.starfil.com.br\/?al_product-cat=automoveis\"><\/a>\n        <div class=\"pseudo\"><\/div>\n        <a href=\"https:\/\/www.starfil.com.br\/?al_product-cat=automoveis\"><img data-opt-id=372843445  fetchpriority=\"high\" decoding=\"async\" width=\"460\" height=\"384\" src=\"https:\/\/mlzqwghix6ht.i.optimole.com\/w:auto\/h:auto\/q:mauto\/ig:avif\/https:\/\/www.starfil.com.br\/wp-content\/uploads\/2025\/05\/carro.png\" class=\"modern-grid-image higher\" alt=\"Autom\u00f3veis\" \/>            <h3 class=\"product-name green-box ic-design\">Autom\u00f3veis<\/h3>\n        <\/a>\n    <\/div>\n\n\n\n    <div class=\"al_archive category-34 modern-grid-element green-box ic-design \">\n        <a class=\"pseudo-a\" href=\"https:\/\/www.starfil.com.br\/?al_product-cat=caminhoes\"><\/a>\n        <div class=\"pseudo\"><\/div>\n        <a href=\"https:\/\/www.starfil.com.br\/?al_product-cat=caminhoes\"><img data-opt-id=396255407  fetchpriority=\"high\" decoding=\"async\" width=\"497\" height=\"384\" src=\"https:\/\/mlzqwghix6ht.i.optimole.com\/w:auto\/h:auto\/q:mauto\/ig:avif\/https:\/\/www.starfil.com.br\/wp-content\/uploads\/2025\/05\/caminhao.png\" class=\"modern-grid-image higher\" alt=\"Caminh\u00f5es\" \/>            <h3 class=\"product-name green-box ic-design\">Caminh\u00f5es<\/h3>\n        <\/a>\n    <\/div>\n\n\n\n    <div class=\"al_archive category-33 modern-grid-element green-box ic-design \">\n        <a class=\"pseudo-a\" href=\"https:\/\/www.starfil.com.br\/?al_product-cat=colheitadeiras\"><\/a>\n        <div class=\"pseudo\"><\/div>\n        <a href=\"https:\/\/www.starfil.com.br\/?al_product-cat=colheitadeiras\"><img data-opt-id=694973387  data-opt-src=\"https:\/\/mlzqwghix6ht.i.optimole.com\/w:auto\/h:auto\/q:mauto\/ig:avif\/https:\/\/www.starfil.com.br\/wp-content\/uploads\/2025\/07\/colheitadeira.avif\"  decoding=\"async\" width=\"504\" height=\"384\" src=\"data:image/svg+xml,%3Csvg%20viewBox%3D%220%200%20100%%20100%%22%20width%3D%22100%%22%20height%3D%22100%%22%20xmlns%3D%22http%3A%2F%2Fwww.w3.org%2F2000%2Fsvg%22%3E%3Crect%20width%3D%22100%%22%20height%3D%22100%%22%20fill%3D%22transparent%22%2F%3E%3C%2Fsvg%3E\" class=\"modern-grid-image higher\" alt=\"Colheitadeiras\" \/>            <h3 class=\"product-name green-box ic-design\">Colheitadeiras<\/h3>\n        <\/a>\n    <\/div>\n\n\n\n    <div class=\"al_archive category-35 modern-grid-element green-box ic-design \">\n        <a class=\"pseudo-a\" href=\"https:\/\/www.starfil.com.br\/?al_product-cat=onibus\"><\/a>\n        <div class=\"pseudo\"><\/div>\n        <a href=\"https:\/\/www.starfil.com.br\/?al_product-cat=onibus\"><img data-opt-id=1484791477  data-opt-src=\"https:\/\/mlzqwghix6ht.i.optimole.com\/w:auto\/h:auto\/q:mauto\/ig:avif\/https:\/\/www.starfil.com.br\/wp-content\/uploads\/2025\/05\/onibus.png\"  loading=\"lazy\" decoding=\"async\" width=\"517\" height=\"384\" src=\"data:image/svg+xml,%3Csvg%20viewBox%3D%220%200%20100%%20100%%22%20width%3D%22100%%22%20height%3D%22100%%22%20xmlns%3D%22http%3A%2F%2Fwww.w3.org%2F2000%2Fsvg%22%3E%3Crect%20width%3D%22100%%22%20height%3D%22100%%22%20fill%3D%22transparent%22%2F%3E%3C%2Fsvg%3E\" class=\"modern-grid-image higher\" alt=\"\u00d4nibus\" \/>            <h3 class=\"product-name green-box ic-design\">\u00d4nibus<\/h3>\n        <\/a>\n    <\/div>\n\n\n\n    <div class=\"al_archive category-32 modern-grid-element green-box ic-design \">\n        <a class=\"pseudo-a\" href=\"https:\/\/www.starfil.com.br\/?al_product-cat=tratores\"><\/a>\n        <div class=\"pseudo\"><\/div>\n        <a href=\"https:\/\/www.starfil.com.br\/?al_product-cat=tratores\"><img data-opt-id=644300700  data-opt-src=\"https:\/\/mlzqwghix6ht.i.optimole.com\/w:auto\/h:auto\/q:mauto\/ig:avif\/https:\/\/www.starfil.com.br\/wp-content\/uploads\/2025\/05\/maquinas.png\"  loading=\"lazy\" decoding=\"async\" width=\"500\" height=\"384\" src=\"data:image/svg+xml,%3Csvg%20viewBox%3D%220%200%20100%%20100%%22%20width%3D%22100%%22%20height%3D%22100%%22%20xmlns%3D%22http%3A%2F%2Fwww.w3.org%2F2000%2Fsvg%22%3E%3Crect%20width%3D%22100%%22%20height%3D%22100%%22%20fill%3D%22transparent%22%2F%3E%3C%2Fsvg%3E\" class=\"modern-grid-image higher\" alt=\"Tratores\" \/>            <h3 class=\"product-name green-box ic-design\">Tratores<\/h3>\n        <\/a>\n    <\/div>\n\n    <\/div>\n\n\n\n\n<div class=\"wp-block-joinchat-button has-border-color\" style=\"border-color:#25d366;border-style:solid;border-width:6px;border-radius:30px\"><a class=\"wp-block-button__link joinchat-button__link has-ffffff-color has-text-color has-background has-border-color\" style=\"border-color:#25d366;border-style:solid;border-width:6px;border-radius:30px;background-color:#25d366\" href=\"#whatsapp\" data-message=\"Ol\u00e1, gostaria de mais informa\u00e7\u00f5es sobre esse produto: {TITLE} - {HREF}.\" data-phone=\"5521997653589\"><span><strong>Open Chat<\/strong><\/span><\/a><\/div>\n\n\n\n<style>\n.product-subcategories .al_archive{\nmax-width: 400px !important;\nmargin: 1% 2% !important;\n}\n<\/style>\n\n\n\n<p><\/p>\n","protected":false},"excerpt":{"rendered":"<p>Cat\u00e1logo<\/p>\n","protected":false},"author":1,"featured_media":0,"parent":0,"menu_order":0,"comment_status":"closed","ping_status":"closed","template":"","meta":{"site-sidebar-layout":"default","site-content-layout":"","ast-site-content-layout":"default","site-content-style":"default","site-sidebar-style":"default","ast-global-header-display":"","ast-banner-title-visibility":"","ast-main-header-display":"","ast-hfb-above-header-display":"","ast-hfb-below-header-display":"","ast-hfb-mobile-header-display":"","site-post-title":"","ast-breadcrumbs-content":"","ast-featured-img":"","footer-sml-layout":"","ast-disable-related-posts":"","theme-transparent-header-meta":"","adv-header-id-meta":"","stick-header-meta":"","header-above-stick-meta":"","header-main-stick-meta":"","header-below-stick-meta":"","astra-migrate-meta-layouts":"default","ast-page-background-enabled":"default","ast-page-background-meta":{"desktop":{"background-color":"var(--ast-global-color-5)","background-image":"","background-repeat":"repeat","background-position":"center center","background-size":"auto","background-attachment":"scroll","background-type":"","background-media":"","overlay-type":"","overlay-color":"","overlay-opacity":"","overlay-gradient":""},"tablet":{"background-color":"","background-image":"","background-repeat":"repeat","background-position":"center center","background-size":"auto","background-attachment":"scroll","background-type":"","background-media":"","overlay-type":"","overlay-color":"","overlay-opacity":"","overlay-gradient":""},"mobile":{"background-color":"","background-image":"","background-repeat":"repeat","background-position":"center center","background-size":"auto","background-attachment":"scroll","background-type":"","background-media":"","overlay-type":"","overlay-color":"","overlay-opacity":"","overlay-gradient":""}},"ast-content-background-meta":{"desktop":{"background-color":"var(--ast-global-color-4)","background-image":"","background-repeat":"repeat","background-position":"center center","background-size":"auto","background-attachment":"scroll","background-type":"","background-media":"","overlay-type":"","overlay-color":"","overlay-opacity":"","overlay-gradient":""},"tablet":{"background-color":"var(--ast-global-color-4)","background-image":"","background-repeat":"repeat","background-position":"center center","background-size":"auto","background-attachment":"scroll","background-type":"","background-media":"","overlay-type":"","overlay-color":"","overlay-opacity":"","overlay-gradient":""},"mobile":{"background-color":"var(--ast-global-color-4)","background-image":"","background-repeat":"repeat","background-position":"center center","background-size":"auto","background-attachment":"scroll","background-type":"","background-media":"","overlay-type":"","overlay-color":"","overlay-opacity":"","overlay-gradient":""}},"_EventAllDay":false,"_EventTimezone":"","_EventStartDate":"","_EventEndDate":"","_EventStartDateUTC":"","_EventEndDateUTC":"","_EventShowMap":false,"_EventShowMapLink":false,"_EventURL":"","_EventCost":"","_EventCostDescription":"","_EventCurrencySymbol":"","_EventCurrencyCode":"","_EventCurrencyPosition":"","_EventDateTimeSeparator":"","_EventTimeRangeSeparator":"","_EventOrganizerID":[],"_EventVenueID":[],"_OrganizerEmail":"","_OrganizerPhone":"","_OrganizerWebsite":"","_VenueAddress":"","_VenueCity":"","_VenueCountry":"","_VenueProvince":"","_VenueState":"","_VenueZip":"","_VenuePhone":"","_VenueURL":"","_VenueStateProvince":"","_VenueLat":"","_VenueLng":"","_VenueShowMap":false,"_VenueShowMapLink":false,"_kadence_starter_templates_imported_post":false,"_joinchat":[],"footnotes":""},"class_list":["post-17287","page","type-page","status-publish","hentry"],"_links":{"self":[{"href":"https:\/\/www.starfil.com.br\/index.php?rest_route=\/wp\/v2\/pages\/17287","targetHints":{"allow":["GET"]}}],"collection":[{"href":"https:\/\/www.starfil.com.br\/index.php?rest_route=\/wp\/v2\/pages"}],"about":[{"href":"https:\/\/www.starfil.com.br\/index.php?rest_route=\/wp\/v2\/types\/page"}],"author":[{"embeddable":true,"href":"https:\/\/www.starfil.com.br\/index.php?rest_route=\/wp\/v2\/users\/1"}],"replies":[{"embeddable":true,"href":"https:\/\/www.starfil.com.br\/index.php?rest_route=%2Fwp%2Fv2%2Fcomments&post=17287"}],"version-history":[{"count":14,"href":"https:\/\/www.starfil.com.br\/index.php?rest_route=\/wp\/v2\/pages\/17287\/revisions"}],"predecessor-version":[{"id":17313,"href":"https:\/\/www.starfil.com.br\/index.php?rest_route=\/wp\/v2\/pages\/17287\/revisions\/17313"}],"wp:attachment":[{"href":"https:\/\/www.starfil.com.br\/index.php?rest_route=%2Fwp%2Fv2%2Fmedia&parent=17287"}],"curies":[{"name":"wp","href":"https:\/\/api.w.org\/{rel}","templated":true}]}}